{"id":146,"date":"2024-10-25T11:07:10","date_gmt":"2024-10-25T11:07:10","guid":{"rendered":"https:\/\/dummy.xtemos.com\/woodmart2\/makeup-elementor\/?post_type=product&#038;p=146"},"modified":"2026-04-14T14:02:19","modified_gmt":"2026-04-14T13:02:19","slug":"extreme-blue-spiercreme-250ml","status":"publish","type":"product","link":"https:\/\/eml-cosmetica.nl\/de\/extreme-blue-spiercreme-250ml\/","title":{"rendered":"eXtreme Blue Spiercr\u00e8me 250ml"},"content":{"rendered":"<p>eXtreme Blue Cr\u00e8me is een intensief werkende cr\u00e8me die de huid verkoelt en tegelijkertijd spieren en gewrichten verwarmt en ontspant. Deze formule biedt verlichting bij spier- en gewrichtsklachten en heeft ook een weldadige werking bij griep en verkoudheid.<\/p>\n<p><strong>Voordelen<\/strong><\/p>\n<ul>\n<li>Verkoelt de huid en verwarmt spieren en gewrichten voor diepe ontspanning<\/li>\n<li>Bevat MSM met een antibacteri\u00eble en ontstekingsremmende werking<\/li>\n<li>Dringt snel door de huid en biedt effectieve verlichting bij spier- en gewrichtspijn<\/li>\n<li>Ondersteunt het herstel na fysieke inspanning<\/li>\n<\/ul>\n<p><strong>Toepassing<\/strong><br \/>\nBreng de cr\u00e8me aan op de gewenste plekken en masseer zachtjes in. Geschikt voor dagelijks gebruik bij spier- en gewrichtsverzorging.<\/p>\n<p>Inhoud: 250 ml pot<\/p>","protected":false},"excerpt":{"rendered":"<p>eXtreme Blue Cr\u00e8me verkoelt de huid, verwarmt spieren en gewrichten, en biedt snelle verlichting bij spier- en gewrichtspijn. Ideaal voor herstel na inspanning en bij griep of verkoudheid.<\/p>","protected":false},"featured_media":789,"comment_status":"open","ping_status":"closed","template":"","meta":[],"product_brand":[66],"product_cat":[31,74],"product_tag":[],"class_list":{"0":"post-146","1":"product","2":"type-product","3":"status-publish","4":"has-post-thumbnail","6":"product_brand-extreme-blue","7":"product_cat-lichaamsverzorging","8":"product_cat-spiercremes","10":"first","11":"instock","12":"taxable","13":"shipping-taxable","14":"purchasable","15":"product-type-simple"},"_links":{"self":[{"href":"https:\/\/eml-cosmetica.nl\/de\/wp-json\/wp\/v2\/product\/146","targetHints":{"allow":["GET"]}}],"collection":[{"href":"https:\/\/eml-cosmetica.nl\/de\/wp-json\/wp\/v2\/product"}],"about":[{"href":"https:\/\/eml-cosmetica.nl\/de\/wp-json\/wp\/v2\/types\/product"}],"replies":[{"embeddable":true,"href":"https:\/\/eml-cosmetica.nl\/de\/wp-json\/wp\/v2\/comments?post=146"}],"version-history":[{"count":4,"href":"https:\/\/eml-cosmetica.nl\/de\/wp-json\/wp\/v2\/product\/146\/revisions"}],"predecessor-version":[{"id":929,"href":"https:\/\/eml-cosmetica.nl\/de\/wp-json\/wp\/v2\/product\/146\/revisions\/929"}],"wp:featuredmedia":[{"embeddable":true,"href":"https:\/\/eml-cosmetica.nl\/de\/wp-json\/wp\/v2\/media\/789"}],"wp:attachment":[{"href":"https:\/\/eml-cosmetica.nl\/de\/wp-json\/wp\/v2\/media?parent=146"}],"wp:term":[{"taxonomy":"product_brand","embeddable":true,"href":"https:\/\/eml-cosmetica.nl\/de\/wp-json\/wp\/v2\/product_brand?post=146"},{"taxonomy":"product_cat","embeddable":true,"href":"https:\/\/eml-cosmetica.nl\/de\/wp-json\/wp\/v2\/product_cat?post=146"},{"taxonomy":"product_tag","embeddable":true,"href":"https:\/\/eml-cosmetica.nl\/de\/wp-json\/wp\/v2\/product_tag?post=146"}],"curies":[{"name":"wp","href":"https:\/\/api.w.org\/{rel}","templated":true}]}}