{"id":104,"date":"2024-10-25T11:07:00","date_gmt":"2024-10-25T11:07:00","guid":{"rendered":"https:\/\/dummy.xtemos.com\/woodmart2\/makeup-elementor\/?post_type=product&#038;p=104"},"modified":"2026-04-14T14:02:02","modified_gmt":"2026-04-14T13:02:02","slug":"joyce-body-care-ginsengcreme-500ml","status":"publish","type":"product","link":"https:\/\/eml-cosmetica.nl\/de\/joyce-body-care-ginsengcreme-500ml\/","title":{"rendered":"JOYce Body Care Ginsengcr\u00e8me 500ml"},"content":{"rendered":"<p>JOYce Body Care Ginsengcr\u00e8me is een rijke, verzorgende cr\u00e8me die de kracht van panax ginseng benut om de huid te hydrateren en te verzachten. De wortel van de ginsengplant bevat sterk geneeskrachtige eigenschappen die de bloedcirculatie in het bindweefsel stimuleren en de aanmaak van nieuwe huidcellen versnellen. De werkzame stoffen in deze cr\u00e8me zorgen voor een gebalanceerde hydratatie en maken de huid heerlijk streelzacht.<\/p>\n<p><strong>Voordelen<\/strong><\/p>\n<ul>\n<li>Bevat een extra hoge dosis panax ginseng voor diepe verzorging<\/li>\n<li>Hydrateert de huid en maakt deze zijdezacht<\/li>\n<li>Hypoallergeen, parabenen- en kleurstofvrij, geschikt voor alle huidtypes<\/li>\n<li>Ideaal voor gebruik na een (zonne)bad of douche<\/li>\n<\/ul>\n<p><strong>Toepassing<\/strong><br \/>\nBreng de ginsengcr\u00e8me royaal aan op de huid en masseer zachtjes in voor een heerlijke verzorging. Gebruik na het douchen of zonnebaden voor een zijdezachte en verzorgde huid.<\/p>\n<p>Inhoud: 500 ml pompflacon<\/p>","protected":false},"excerpt":{"rendered":"<p>JOYce Body Care Ginsengcr\u00e8me is een rijke, hydraterende cr\u00e8me die de huid verzacht en herstelt met de kracht van panax ginseng. Ideaal voor dagelijks gebruik om de huid zijdezacht te maken en de bloedcirculatie te stimuleren.<\/p>","protected":false},"featured_media":830,"comment_status":"open","ping_status":"closed","template":"","meta":[],"product_brand":[68],"product_cat":[37,31],"product_tag":[],"class_list":{"0":"post-104","1":"product","2":"type-product","3":"status-publish","4":"has-post-thumbnail","6":"product_brand-joyce","7":"product_cat-bodylotions","8":"product_cat-lichaamsverzorging","10":"first","11":"instock","12":"taxable","13":"shipping-taxable","14":"purchasable","15":"product-type-simple"},"_links":{"self":[{"href":"https:\/\/eml-cosmetica.nl\/de\/wp-json\/wp\/v2\/product\/104","targetHints":{"allow":["GET"]}}],"collection":[{"href":"https:\/\/eml-cosmetica.nl\/de\/wp-json\/wp\/v2\/product"}],"about":[{"href":"https:\/\/eml-cosmetica.nl\/de\/wp-json\/wp\/v2\/types\/product"}],"replies":[{"embeddable":true,"href":"https:\/\/eml-cosmetica.nl\/de\/wp-json\/wp\/v2\/comments?post=104"}],"version-history":[{"count":2,"href":"https:\/\/eml-cosmetica.nl\/de\/wp-json\/wp\/v2\/product\/104\/revisions"}],"predecessor-version":[{"id":937,"href":"https:\/\/eml-cosmetica.nl\/de\/wp-json\/wp\/v2\/product\/104\/revisions\/937"}],"wp:featuredmedia":[{"embeddable":true,"href":"https:\/\/eml-cosmetica.nl\/de\/wp-json\/wp\/v2\/media\/830"}],"wp:attachment":[{"href":"https:\/\/eml-cosmetica.nl\/de\/wp-json\/wp\/v2\/media?parent=104"}],"wp:term":[{"taxonomy":"product_brand","embeddable":true,"href":"https:\/\/eml-cosmetica.nl\/de\/wp-json\/wp\/v2\/product_brand?post=104"},{"taxonomy":"product_cat","embeddable":true,"href":"https:\/\/eml-cosmetica.nl\/de\/wp-json\/wp\/v2\/product_cat?post=104"},{"taxonomy":"product_tag","embeddable":true,"href":"https:\/\/eml-cosmetica.nl\/de\/wp-json\/wp\/v2\/product_tag?post=104"}],"curies":[{"name":"wp","href":"https:\/\/api.w.org\/{rel}","templated":true}]}}